{"id":415,"date":"2025-02-17T19:20:49","date_gmt":"2025-02-17T19:20:49","guid":{"rendered":"https:\/\/anaveiga.pt\/?page_id=415"},"modified":"2025-02-17T19:20:50","modified_gmt":"2025-02-17T19:20:50","slug":"politica-de-cookies","status":"publish","type":"page","link":"https:\/\/anaveiga.pt\/?page_id=415","title":{"rendered":"Pol\u00edtica de Cookies"},"content":{"rendered":"\n<p><strong><u>Para poder prestar um servi\u00e7o mais personalizado e de agrado aos visitantes, a Ana Veiga utiliza cookies para recolher e guardar informa\u00e7\u00f5es. Um cookie \u00e9 um pequeno ficheiro informativo que \u00e9 enviado do servidor da p\u00e1gina de instagram da Ana Veiga para o browser do leitor e armazenado no respetivo computador.<\/u><\/strong><\/p>\n\n\n\n<p>Esta pol\u00edtica de Cookies \u00e9 parte integrante da Pol\u00edtica de Privacidade da p\u00e1gina de instagram da profissional em apre\u00e7o. O acesso e navega\u00e7\u00e3o na presente p\u00e1gina ou o uso dos seus servi\u00e7os, implica a aceita\u00e7\u00e3o dos termos e condi\u00e7\u00f5es contidos na pol\u00edtica de privacidade.<\/p>\n\n\n\n<ol class=\"wp-block-list\">\n<li>Os cookies s\u00e3o pequenos arquivos transferidos para o disco r\u00edgido do seu computador atrav\u00e9s do navegador da Web e que permite aos sites ou provedores de servi\u00e7os reconhecer o seu browser, capturem e memorizem determinadas informa\u00e7\u00f5es com a finalidade de melhorar a experi\u00eancia.<\/li>\n\n\n\n<li>A utiliza\u00e7\u00e3o dos cookies visa o aumento da efici\u00eancia, permitindo aos propriet\u00e1rios dos sites informa\u00e7\u00e3o \u00fatil para a melhoria e aperfei\u00e7oamento dos servi\u00e7os prestados e do site.<\/li>\n\n\n\n<li>Utilizar a tecnologia de cookies para contar as visitas \u00e0s p\u00e1ginas, permite a an\u00e1lise da utiliza\u00e7\u00e3o dos sites de forma mais precisa.<\/li>\n\n\n\n<li>Infelizmente, na maioria dos casos, n\u00e3o existem op\u00e7\u00f5es padr\u00e3o do setor para desativar completamente a funcionalidade e os recursos que eles adicionam a esta p\u00e1gina.\u00a0<\/li>\n\n\n\n<li>\u00c9 recomend\u00e1vel que deixe todos os cookies se n\u00e3o tiver certeza se precisa ou n\u00e3o deles, caso sejam usados para fornecer um servi\u00e7o que est\u00e1 ou vai usar.<\/li>\n\n\n\n<li>Se desativar os cookies, poder\u00e1 n\u00e3o conseguir aceder a algumas das funcionalidades disponibilizadas pelo site.<\/li>\n\n\n\n<li>A presente p\u00e1gina oferece facilidades de com\u00e9rcio eletr\u00f3nico ou pagamento e alguns cookies s\u00e3o essenciais para garantir que o seu pedido seja lembrado entre p\u00e1ginas, para que possamos process\u00e1-lo adequadamente.<\/li>\n\n\n\n<li>Em casos especiais, usamos cookies fornecidos por terceiros confi\u00e1veis. Este site usa o Google Analytics, que \u00e9 uma das solu\u00e7\u00f5es de an\u00e1lise mais difundidas e confi\u00e1veis da Web, para nos ajudar a entender como o cliente usa o site e como podemos melhorar a sua experi\u00eancia. Esses cookies podem rastrear itens, como por exemplo, quanto tempo gasta na presente p\u00e1gina e nas p\u00e1ginas visitadas, para que possamos continuar a produzir conte\u00fado de qualidade.<\/li>\n\n\n\n<li>Para mais informa\u00e7\u00f5es sobre cookies do Google Analytics, consulte a p\u00e1gina oficial do Google Analytics.<\/li>\n<\/ol>\n","protected":false},"excerpt":{"rendered":"<p>Para poder prestar um servi\u00e7o mais personalizado e de agrado aos visitantes, a Ana Veiga utiliza cookies para recolher e guardar informa\u00e7\u00f5es. Um cookie \u00e9 um pequeno ficheiro informativo que \u00e9 enviado do servidor da p\u00e1gina de instagram da Ana Veiga para o browser do leitor e armazenado no respetivo computador. Esta pol\u00edtica de Cookies&hellip;&nbsp;<\/p>\n","protected":false},"author":1,"featured_media":0,"parent":0,"menu_order":0,"comment_status":"closed","ping_status":"closed","template":"","meta":{"om_disable_all_campaigns":false,"_monsterinsights_skip_tracking":false,"_monsterinsights_sitenote_active":false,"_monsterinsights_sitenote_note":"","_monsterinsights_sitenote_category":0,"_uf_show_specific_survey":0,"_uf_disable_surveys":false,"neve_meta_sidebar":"","neve_meta_container":"","neve_meta_enable_content_width":"","neve_meta_content_width":0,"neve_meta_title_alignment":"","neve_meta_author_avatar":"","neve_post_elements_order":"","neve_meta_disable_header":"","neve_meta_disable_footer":"","neve_meta_disable_title":"","footnotes":""},"class_list":["post-415","page","type-page","status-publish","hentry"],"aioseo_notices":[],"_links":{"self":[{"href":"https:\/\/anaveiga.pt\/index.php?rest_route=\/wp\/v2\/pages\/415","targetHints":{"allow":["GET"]}}],"collection":[{"href":"https:\/\/anaveiga.pt\/index.php?rest_route=\/wp\/v2\/pages"}],"about":[{"href":"https:\/\/anaveiga.pt\/index.php?rest_route=\/wp\/v2\/types\/page"}],"author":[{"embeddable":true,"href":"https:\/\/anaveiga.pt\/index.php?rest_route=\/wp\/v2\/users\/1"}],"replies":[{"embeddable":true,"href":"https:\/\/anaveiga.pt\/index.php?rest_route=%2Fwp%2Fv2%2Fcomments&post=415"}],"version-history":[{"count":1,"href":"https:\/\/anaveiga.pt\/index.php?rest_route=\/wp\/v2\/pages\/415\/revisions"}],"predecessor-version":[{"id":416,"href":"https:\/\/anaveiga.pt\/index.php?rest_route=\/wp\/v2\/pages\/415\/revisions\/416"}],"wp:attachment":[{"href":"https:\/\/anaveiga.pt\/index.php?rest_route=%2Fwp%2Fv2%2Fmedia&parent=415"}],"curies":[{"name":"wp","href":"https:\/\/api.w.org\/{rel}","templated":true}]}}