{"id":300,"date":"2024-04-23T00:00:12","date_gmt":"2024-04-23T00:00:12","guid":{"rendered":"https:\/\/anaveiga.pt\/?page_id=300"},"modified":"2026-02-18T00:17:02","modified_gmt":"2026-02-18T00:17:02","slug":"formulario-de-inscricao","status":"publish","type":"page","link":"https:\/\/anaveiga.pt\/?page_id=300","title":{"rendered":"Formul\u00e1rio de Inscri\u00e7\u00e3o"},"content":{"rendered":"\n<p><\/p>\n\n\n<style id=\"wpforms-css-vars-306-block-d611c78a-a807-481e-a624-e31d541a5590\">\n\t\t\t\t#wpforms-306.wpforms-block-d611c78a-a807-481e-a624-e31d541a5590 {\n\t\t\t\t--wpforms-field-size-input-height: 43px;\n--wpforms-field-size-input-spacing: 15px;\n--wpforms-field-size-font-size: 16px;\n--wpforms-field-size-line-height: 19px;\n--wpforms-field-size-padding-h: 14px;\n--wpforms-field-size-checkbox-size: 16px;\n--wpforms-field-size-sublabel-spacing: 5px;\n--wpforms-field-size-icon-size: 1;\n--wpforms-label-size-font-size: 16px;\n--wpforms-label-size-line-height: 19px;\n--wpforms-label-size-sublabel-font-size: 14px;\n--wpforms-label-size-sublabel-line-height: 17px;\n--wpforms-button-size-font-size: 17px;\n--wpforms-button-size-height: 41px;\n--wpforms-button-size-padding-h: 15px;\n--wpforms-button-size-margin-top: 10px;\n\t\t\t}\n\t\t\t<\/style><div class=\"wpforms-container wpforms-container-full wpforms-block wpforms-block-d611c78a-a807-481e-a624-e31d541a5590 wpforms-render-modern\" id=\"wpforms-306\"><form id=\"wpforms-form-306\" class=\"wpforms-validate wpforms-form wpforms-ajax-form\" data-formid=\"306\" method=\"post\" enctype=\"multipart\/form-data\" action=\"\/index.php?rest_route=%2Fwp%2Fv2%2Fpages%2F300\" data-token=\"c4de85f00a6b149f45e9b3526c3b7ea6\" data-token-time=\"1776348611\"><noscript class=\"wpforms-error-noscript\">Please enable JavaScript in your browser to complete this form.<\/noscript><div id=\"wpforms-error-noscript\" style=\"display: none;\">Please enable JavaScript in your browser to complete this form.<\/div><div class=\"wpforms-field-container\"><div id=\"wpforms-306-field_9-container\" class=\"wpforms-field wpforms-field-name\" data-field-id=\"9\"><fieldset><legend class=\"wpforms-field-label\">Nome <span class=\"wpforms-required-label\" aria-hidden=\"true\">*<\/span><\/legend><div class=\"wpforms-field-row wpforms-field-medium\"><div class=\"wpforms-field-row-block wpforms-first wpforms-one-half\"><input type=\"text\" id=\"wpforms-306-field_9\" class=\"wpforms-field-name-first wpforms-field-required\" name=\"wpforms[fields][9][first]\" aria-errormessage=\"wpforms-306-field_9-error\" required><label for=\"wpforms-306-field_9\" class=\"wpforms-field-sublabel after\">First<\/label><\/div><div class=\"wpforms-field-row-block wpforms-one-half\"><input type=\"text\" id=\"wpforms-306-field_9-last\" class=\"wpforms-field-name-last wpforms-field-required\" name=\"wpforms[fields][9][last]\" aria-errormessage=\"wpforms-306-field_9-last-error\" required><label for=\"wpforms-306-field_9-last\" class=\"wpforms-field-sublabel after\">Last<\/label><\/div><\/div><\/fieldset><\/div><div id=\"wpforms-306-field_2-container\" class=\"wpforms-field wpforms-field-text\" data-field-id=\"2\"><label class=\"wpforms-field-label\" for=\"wpforms-306-field_2\">Email <span class=\"wpforms-required-label\" aria-hidden=\"true\">*<\/span><\/label><input type=\"text\" id=\"wpforms-306-field_2\" class=\"wpforms-field-medium wpforms-field-required\" name=\"wpforms[fields][2]\" aria-errormessage=\"wpforms-306-field_2-error\" required><\/div><div id=\"wpforms-306-field_4-container\" class=\"wpforms-field wpforms-field-checkbox\" data-field-id=\"4\"><fieldset><legend class=\"wpforms-field-label\">Pretendo adquirir <span class=\"wpforms-required-label\" aria-hidden=\"true\">*<\/span><\/legend><ul id=\"wpforms-306-field_4\" class=\"wpforms-field-required\"><li class=\"choice-1 depth-1\"><input type=\"checkbox\" id=\"wpforms-306-field_4_1\" name=\"wpforms[fields][4][]\" value=\"Mentoria 1:1 \u201cProfiss\u00e3o com Prop\u00f3sito\u201d\" aria-errormessage=\"wpforms-306-field_4_1-error\" required ><label class=\"wpforms-field-label-inline\" for=\"wpforms-306-field_4_1\">Mentoria 1:1 \u201cProfiss\u00e3o com Prop\u00f3sito\u201d<\/label><\/li><li class=\"choice-3 depth-1\"><input type=\"checkbox\" id=\"wpforms-306-field_4_3\" name=\"wpforms[fields][4][]\" value=\"Optimiza o teu neg\u00f3cio\" aria-errormessage=\"wpforms-306-field_4_3-error\" required ><label class=\"wpforms-field-label-inline\" for=\"wpforms-306-field_4_3\">Optimiza o teu neg\u00f3cio<\/label><\/li><\/ul><\/fieldset><\/div><div id=\"wpforms-306-field_6-container\" class=\"wpforms-field wpforms-field-checkbox\" data-field-id=\"6\"><fieldset><legend class=\"wpforms-field-label\">Forma de pagamento <span class=\"wpforms-required-label\" aria-hidden=\"true\">*<\/span><\/legend><ul id=\"wpforms-306-field_6\" class=\"wpforms-field-required\"><li class=\"choice-1 depth-1\"><input type=\"checkbox\" id=\"wpforms-306-field_6_1\" name=\"wpforms[fields][6][]\" value=\"Transfer\u00eancia Banc\u00e1ria\" aria-errormessage=\"wpforms-306-field_6_1-error\" required ><label class=\"wpforms-field-label-inline\" for=\"wpforms-306-field_6_1\">Transfer\u00eancia Banc\u00e1ria<\/label><\/li><li class=\"choice-2 depth-1\"><input type=\"checkbox\" id=\"wpforms-306-field_6_2\" name=\"wpforms[fields][6][]\" value=\"MB WAY\" aria-errormessage=\"wpforms-306-field_6_2-error\" required ><label class=\"wpforms-field-label-inline\" for=\"wpforms-306-field_6_2\">MB WAY<\/label><\/li><\/ul><\/fieldset><\/div><div id=\"wpforms-306-field_10-container\" class=\"wpforms-field wpforms-field-email\" data-field-id=\"10\"><label class=\"wpforms-field-label\" for=\"wpforms-306-field_10\">Caso pretenda fatura com NIF, indique neste campo:<\/label><input type=\"email\" id=\"wpforms-306-field_10\" class=\"wpforms-field-medium\" name=\"wpforms[fields][10]\" spellcheck=\"false\" aria-errormessage=\"wpforms-306-field_10-error\" ><\/div><div id=\"wpforms-306-field_3-container\" class=\"wpforms-field wpforms-field-text\" data-field-id=\"3\"><label class=\"wpforms-field-label\" for=\"wpforms-306-field_3\">Mensagem<\/label><input type=\"text\" id=\"wpforms-306-field_3\" class=\"wpforms-field-medium\" name=\"wpforms[fields][3]\" aria-errormessage=\"wpforms-306-field_3-error\" ><\/div><\/div><!-- .wpforms-field-container --><div class=\"wpforms-submit-container\" ><input type=\"hidden\" name=\"wpforms[id]\" value=\"306\"><input type=\"hidden\" name=\"page_title\" value=\"\"><input type=\"hidden\" name=\"page_url\" value=\"https:\/\/anaveiga.pt\/index.php?rest_route=\/wp\/v2\/pages\/300\"><input type=\"hidden\" name=\"url_referer\" value=\"\"><button type=\"submit\" name=\"wpforms[submit]\" id=\"wpforms-submit-306\" class=\"wpforms-submit\" data-alt-text=\"A enviar...\" data-submit-text=\"Submeter\" aria-live=\"assertive\" value=\"wpforms-submit\">Submeter<\/button><img loading=\"lazy\" decoding=\"async\" src=\"https:\/\/anaveiga.pt\/wp-content\/plugins\/wpforms-lite\/assets\/images\/submit-spin.svg\" class=\"wpforms-submit-spinner\" style=\"display: none;\" width=\"26\" height=\"26\" alt=\"Loading\"><\/div><\/form><\/div>  <!-- .wpforms-container -->","protected":false},"excerpt":{"rendered":"","protected":false},"author":1,"featured_media":0,"parent":0,"menu_order":0,"comment_status":"closed","ping_status":"closed","template":"","meta":{"om_disable_all_campaigns":false,"_monsterinsights_skip_tracking":false,"_monsterinsights_sitenote_active":false,"_monsterinsights_sitenote_note":"","_monsterinsights_sitenote_category":0,"_uf_show_specific_survey":0,"_uf_disable_surveys":false,"neve_meta_sidebar":"","neve_meta_container":"","neve_meta_enable_content_width":"","neve_meta_content_width":0,"neve_meta_title_alignment":"","neve_meta_author_avatar":"","neve_post_elements_order":"","neve_meta_disable_header":"","neve_meta_disable_footer":"","neve_meta_disable_title":"","footnotes":""},"class_list":["post-300","page","type-page","status-publish","hentry"],"aioseo_notices":[],"_links":{"self":[{"href":"https:\/\/anaveiga.pt\/index.php?rest_route=\/wp\/v2\/pages\/300","targetHints":{"allow":["GET"]}}],"collection":[{"href":"https:\/\/anaveiga.pt\/index.php?rest_route=\/wp\/v2\/pages"}],"about":[{"href":"https:\/\/anaveiga.pt\/index.php?rest_route=\/wp\/v2\/types\/page"}],"author":[{"embeddable":true,"href":"https:\/\/anaveiga.pt\/index.php?rest_route=\/wp\/v2\/users\/1"}],"replies":[{"embeddable":true,"href":"https:\/\/anaveiga.pt\/index.php?rest_route=%2Fwp%2Fv2%2Fcomments&post=300"}],"version-history":[{"count":3,"href":"https:\/\/anaveiga.pt\/index.php?rest_route=\/wp\/v2\/pages\/300\/revisions"}],"predecessor-version":[{"id":448,"href":"https:\/\/anaveiga.pt\/index.php?rest_route=\/wp\/v2\/pages\/300\/revisions\/448"}],"wp:attachment":[{"href":"https:\/\/anaveiga.pt\/index.php?rest_route=%2Fwp%2Fv2%2Fmedia&parent=300"}],"curies":[{"name":"wp","href":"https:\/\/api.w.org\/{rel}","templated":true}]}}