{"id":271,"date":"2024-04-22T23:23:15","date_gmt":"2024-04-22T23:23:15","guid":{"rendered":"https:\/\/anaveiga.pt\/?page_id=271"},"modified":"2026-04-07T11:39:22","modified_gmt":"2026-04-07T11:39:22","slug":"cursos-optimizacao-do-teu-negocio","status":"publish","type":"page","link":"https:\/\/anaveiga.pt\/?page_id=271","title":{"rendered":"Optimiza\u00e7\u00e3o de processos para neg\u00f3cios"},"content":{"rendered":"\n<p><\/p>\n\n\n\n<p><\/p>\n\n\n\n<h2 class=\"wp-block-heading has-text-align-center\">Aqui podes encontrar a melhor solu\u00e7\u00e3o para ti:<\/h2>\n\n\n\n<div class=\"wp-block-columns has-normal-font-size is-layout-flex wp-container-core-columns-is-layout-9d6595d7 wp-block-columns-is-layout-flex\">\n<div class=\"wp-block-column is-layout-flow wp-block-column-is-layout-flow\" style=\"flex-basis:100%\">\n<div class=\"wp-block-group\"><div class=\"wp-block-group__inner-container is-layout-constrained wp-block-group-is-layout-constrained\">\n<div class=\"wp-block-columns is-layout-flex wp-container-core-columns-is-layout-9d6595d7 wp-block-columns-is-layout-flex\">\n<div class=\"wp-block-column is-layout-flow wp-block-column-is-layout-flow\" style=\"flex-basis:100%\">\n<div class=\"wp-block-columns is-layout-flex wp-container-core-columns-is-layout-9d6595d7 wp-block-columns-is-layout-flex\">\n<div class=\"wp-block-column is-layout-flow wp-block-column-is-layout-flow\"><div class=\"wp-block-image\">\n<figure class=\"aligncenter size-large\"><a href=\"https:\/\/anaveiga.pt\/?page_id=261\"><img loading=\"lazy\" decoding=\"async\" width=\"819\" height=\"1024\" src=\"https:\/\/anaveiga.pt\/wp-content\/uploads\/2025\/01\/Consultoria-negocios-819x1024.png\" alt=\"\" class=\"wp-image-401\"\/><\/a><figcaption class=\"wp-element-caption\"><strong>Sess\u00e3o \u201cRaio-X do Caos\u201d<\/strong><\/figcaption><\/figure>\n<\/div><\/div>\n<\/div>\n<\/div>\n<\/div>\n<\/div><\/div>\n<\/div>\n<\/div>\n\n\n\n<p><\/p>\n","protected":false},"excerpt":{"rendered":"<p>Aqui podes encontrar a melhor solu\u00e7\u00e3o para ti:<\/p>\n","protected":false},"author":1,"featured_media":0,"parent":0,"menu_order":0,"comment_status":"closed","ping_status":"closed","template":"","meta":{"om_disable_all_campaigns":false,"_monsterinsights_skip_tracking":false,"_monsterinsights_sitenote_active":false,"_monsterinsights_sitenote_note":"","_monsterinsights_sitenote_category":0,"_uf_show_specific_survey":0,"_uf_disable_surveys":false,"neve_meta_sidebar":"","neve_meta_container":"","neve_meta_enable_content_width":"","neve_meta_content_width":0,"neve_meta_title_alignment":"","neve_meta_author_avatar":"","neve_post_elements_order":"","neve_meta_disable_header":"","neve_meta_disable_footer":"","neve_meta_disable_title":"","footnotes":""},"class_list":["post-271","page","type-page","status-publish","hentry"],"aioseo_notices":[],"_links":{"self":[{"href":"https:\/\/anaveiga.pt\/index.php?rest_route=\/wp\/v2\/pages\/271","targetHints":{"allow":["GET"]}}],"collection":[{"href":"https:\/\/anaveiga.pt\/index.php?rest_route=\/wp\/v2\/pages"}],"about":[{"href":"https:\/\/anaveiga.pt\/index.php?rest_route=\/wp\/v2\/types\/page"}],"author":[{"embeddable":true,"href":"https:\/\/anaveiga.pt\/index.php?rest_route=\/wp\/v2\/users\/1"}],"replies":[{"embeddable":true,"href":"https:\/\/anaveiga.pt\/index.php?rest_route=%2Fwp%2Fv2%2Fcomments&post=271"}],"version-history":[{"count":20,"href":"https:\/\/anaveiga.pt\/index.php?rest_route=\/wp\/v2\/pages\/271\/revisions"}],"predecessor-version":[{"id":492,"href":"https:\/\/anaveiga.pt\/index.php?rest_route=\/wp\/v2\/pages\/271\/revisions\/492"}],"wp:attachment":[{"href":"https:\/\/anaveiga.pt\/index.php?rest_route=%2Fwp%2Fv2%2Fmedia&parent=271"}],"curies":[{"name":"wp","href":"https:\/\/api.w.org\/{rel}","templated":true}]}}