{"id":19,"date":"2022-09-09T14:50:27","date_gmt":"2022-09-09T14:50:27","guid":{"rendered":"https:\/\/anaveiga.pt\/?page_id=19"},"modified":"2026-04-07T11:04:25","modified_gmt":"2026-04-07T11:04:25","slug":"sobre","status":"publish","type":"page","link":"https:\/\/anaveiga.pt\/?page_id=19","title":{"rendered":"Sobre mim"},"content":{"rendered":"\n<p style=\"font-size:20px\"><strong>N\u00e3o sou \u201cs\u00f3\u201d assistente virtual. Sou a parceira estrat\u00e9gica que te ajuda a crescer com leveza.<\/strong><\/p>\n\n\n\n<p style=\"font-size:20px\">Sou a Ana, e o que me move \u00e9 simplificar.<br>Gosto de ordem com alma, estrutura com presen\u00e7a e processos que respeitam quem tu \u00e9s.<\/p>\n\n\n\n<p style=\"font-size:20px\">Comigo n\u00e3o encontras automatismos vazios. Encontras apoio, clareza e sentido.<\/p>\n\n\n\n<p style=\"font-size:20px\">Depois de anos a trabalhar com empreendedores, percebi que <strong>n\u00e3o \u00e9 a falta de ideias que trava o neg\u00f3cio mas sim o caos que se vive nos bastidores.<\/strong><\/p>\n\n\n\n<p style=\"font-size:20px\">E \u00e9 a\u00ed que entro.<br>Para organizar, sustentar e amplificar o que j\u00e1 vive em ti e no teu projeto.<\/p>\n\n\n\n<p style=\"font-size:20px\"><strong>Em resumo:<\/strong><\/p>\n\n\n\n<p style=\"font-size:20px\">\u2714 Apoio neg\u00f3cios conscientes com estrutura estrat\u00e9gica<br>\u2714 Acompanho AVs que querem criar uma profiss\u00e3o com identidade<br>\u2714 Acredito que menos ru\u00eddo = mais presen\u00e7a = mais impacto<\/p>\n\n\n\n<hr class=\"wp-block-separator has-alpha-channel-opacity\"\/>\n\n\n\n<p style=\"font-size:20px\"><span class=\"OYPEnA text-decoration-none text-strikethrough-none\">Sou organizada, meticulosa, proactiva e criativa. Tenho &nbsp;tamb\u00e9m facilidade em socializar e em adaptar-me a situa\u00e7\u00f5es inesperada .&nbsp;<\/span><\/p>\n\n\n\n<p style=\"font-size:20px\">Quem trabalha comigo confia na minha r\u00e1pida capacidade de resposta e na forma como lido com situa\u00e7\u00f5es de stress.&nbsp;<\/p>\n\n\n\n<p style=\"font-size:20px\">Se a pessoa que procuras para trabalhar contigo no teu neg\u00f3cio e ser um parceiro alinhado com a tua estrat\u00e9gica tem as caracter\u00edsticas acima indicadas, ent\u00e3o vamos <a href=\"https:\/\/anaveiga.pt\/?page_id=20\" title=\"conversar\">conversar<\/a>!<\/p>\n\n\n\n<p style=\"font-size:20px\">Se por outro lado queres dar os teus primeiros passos como Assistente Virtual: podes saber  <a href=\"https:\/\/anaveiga.pt\/?page_id=271\" target=\"_blank\" rel=\"noopener\" title=\"\">aqui.<\/a><\/p>\n\n\n\n<figure class=\"wp-block-image alignfull size-full\"><img loading=\"lazy\" decoding=\"async\" width=\"2560\" height=\"1707\" src=\"https:\/\/anaveiga.pt\/wp-content\/uploads\/2023\/10\/DM2_0692-1-scaled.jpg\" alt=\"Assistente Virtual a trabalhar no computador\" class=\"wp-image-194\" srcset=\"https:\/\/anaveiga.pt\/wp-content\/uploads\/2023\/10\/DM2_0692-1-scaled.jpg 2560w, https:\/\/anaveiga.pt\/wp-content\/uploads\/2023\/10\/DM2_0692-1-300x200.jpg 300w, https:\/\/anaveiga.pt\/wp-content\/uploads\/2023\/10\/DM2_0692-1-1024x683.jpg 1024w, https:\/\/anaveiga.pt\/wp-content\/uploads\/2023\/10\/DM2_0692-1-768x512.jpg 768w, https:\/\/anaveiga.pt\/wp-content\/uploads\/2023\/10\/DM2_0692-1-1536x1024.jpg 1536w, https:\/\/anaveiga.pt\/wp-content\/uploads\/2023\/10\/DM2_0692-1-2048x1365.jpg 2048w\" sizes=\"auto, (max-width: 2560px) 100vw, 2560px\" \/><\/figure>\n\n\n\n<h6 class=\"wp-block-heading has-text-align-center\"><strong>Outras forma\u00e7\u00f5es:<\/strong><\/h6>\n\n\n\n<h6 class=\"wp-block-heading has-text-align-center\">Forma\u00e7\u00e3o de Secretariado e Assessoria e tamb\u00e9m de Intelig\u00eancia Emocional para Secret\u00e1rias.<\/h6>\n\n\n\n<h6 class=\"wp-block-heading has-text-align-center\"> &#8220;English for Specific Purposes &#8211; Emails, Socializing, Telephoning and Costumer Care&#8221; <\/h6>\n\n\n\n<h6 class=\"wp-block-heading has-text-align-center\"> MBA em Gest\u00e3o de Recursos Humanos (350H).<\/h6>\n\n\n\n<p><\/p>\n","protected":false},"excerpt":{"rendered":"<p>N\u00e3o sou \u201cs\u00f3\u201d assistente virtual. Sou a parceira estrat\u00e9gica que te ajuda a crescer com leveza. Sou a Ana, e o que me move \u00e9 simplificar.Gosto de ordem com alma, estrutura com presen\u00e7a e processos que respeitam quem tu \u00e9s. Comigo n\u00e3o encontras automatismos vazios. Encontras apoio, clareza e sentido. Depois de anos a trabalhar&hellip;&nbsp;<\/p>\n","protected":false},"author":1,"featured_media":0,"parent":0,"menu_order":0,"comment_status":"closed","ping_status":"closed","template":"","meta":{"om_disable_all_campaigns":false,"_monsterinsights_skip_tracking":false,"_monsterinsights_sitenote_active":false,"_monsterinsights_sitenote_note":"","_monsterinsights_sitenote_category":0,"_uf_show_specific_survey":0,"_uf_disable_surveys":false,"neve_meta_sidebar":"","neve_meta_container":"","neve_meta_enable_content_width":"","neve_meta_content_width":0,"neve_meta_title_alignment":"","neve_meta_author_avatar":"","neve_post_elements_order":"","neve_meta_disable_header":"","neve_meta_disable_footer":"","neve_meta_disable_title":"","footnotes":""},"class_list":["post-19","page","type-page","status-publish","hentry"],"aioseo_notices":[],"_links":{"self":[{"href":"https:\/\/anaveiga.pt\/index.php?rest_route=\/wp\/v2\/pages\/19","targetHints":{"allow":["GET"]}}],"collection":[{"href":"https:\/\/anaveiga.pt\/index.php?rest_route=\/wp\/v2\/pages"}],"about":[{"href":"https:\/\/anaveiga.pt\/index.php?rest_route=\/wp\/v2\/types\/page"}],"author":[{"embeddable":true,"href":"https:\/\/anaveiga.pt\/index.php?rest_route=\/wp\/v2\/users\/1"}],"replies":[{"embeddable":true,"href":"https:\/\/anaveiga.pt\/index.php?rest_route=%2Fwp%2Fv2%2Fcomments&post=19"}],"version-history":[{"count":14,"href":"https:\/\/anaveiga.pt\/index.php?rest_route=\/wp\/v2\/pages\/19\/revisions"}],"predecessor-version":[{"id":478,"href":"https:\/\/anaveiga.pt\/index.php?rest_route=\/wp\/v2\/pages\/19\/revisions\/478"}],"wp:attachment":[{"href":"https:\/\/anaveiga.pt\/index.php?rest_route=%2Fwp%2Fv2%2Fmedia&parent=19"}],"curies":[{"name":"wp","href":"https:\/\/api.w.org\/{rel}","templated":true}]}}