{"id":109,"date":"2022-09-10T22:37:35","date_gmt":"2022-09-10T22:37:35","guid":{"rendered":"https:\/\/anaveiga.pt\/?page_id=109"},"modified":"2026-04-07T10:52:37","modified_gmt":"2026-04-07T10:52:37","slug":"home","status":"publish","type":"page","link":"https:\/\/anaveiga.pt\/","title":{"rendered":"Neg\u00f3cios Eficientes e Assistentes Virtuais de Sucesso: Consultoria e Forma\u00e7\u00e3o Especializada"},"content":{"rendered":"\n<div class=\"wp-block-cover\" style=\"min-height:750px;aspect-ratio:unset;\"><img loading=\"lazy\" decoding=\"async\" width=\"576\" height=\"1024\" class=\"wp-block-cover__image-background wp-image-245\" alt=\"Ana Veiga Assistente Virtual em Portugal -  Forma\u00e7\u00e3o para Assistentes Virtuais e Consultoria de Optimiza\u00e7\u00e3o de Processos para Neg\u00f3cios \" src=\"https:\/\/anaveiga.pt\/wp-content\/uploads\/2024\/04\/2-576x1024.png\" data-object-fit=\"cover\" srcset=\"https:\/\/anaveiga.pt\/wp-content\/uploads\/2024\/04\/2-576x1024.png 576w, https:\/\/anaveiga.pt\/wp-content\/uploads\/2024\/04\/2-169x300.png 169w, https:\/\/anaveiga.pt\/wp-content\/uploads\/2024\/04\/2-768x1365.png 768w, https:\/\/anaveiga.pt\/wp-content\/uploads\/2024\/04\/2-864x1536.png 864w, https:\/\/anaveiga.pt\/wp-content\/uploads\/2024\/04\/2-920x1636.png 920w, https:\/\/anaveiga.pt\/wp-content\/uploads\/2024\/04\/2-575x1022.png 575w, https:\/\/anaveiga.pt\/wp-content\/uploads\/2024\/04\/2-380x676.png 380w, https:\/\/anaveiga.pt\/wp-content\/uploads\/2024\/04\/2.png 1080w\" sizes=\"auto, (max-width: 576px) 100vw, 576px\" \/><span aria-hidden=\"true\" class=\"wp-block-cover__background has-background-dim\"><\/span><div class=\"wp-block-cover__inner-container is-layout-flow wp-block-cover-is-layout-flow\">\n<p class=\"has-text-align-center has-color-0-color has-text-color has-link-color has-huge-font-size wp-elements-6d53cb6609049fdea1f0875ea727ca9e\"><\/p>\n<\/div><\/div>\n\n\n\n<p><\/p>\n\n\n\n<p><\/p>\n\n\n\n<h2 class=\"wp-block-heading has-text-align-center\"><strong>Se est\u00e1s a construir um neg\u00f3cio com alma, sabes que s\u00f3 a inspira\u00e7\u00e3o n\u00e3o basta.<\/strong><\/h2>\n\n\n\n<h4 class=\"wp-block-heading has-text-align-center\"><br><strong>Tamb\u00e9m \u00e9 preciso estrutura mas que respeita o teu ritmo, a tua energia e a tua forma de criar.<\/strong><\/h4>\n\n\n\n<hr class=\"wp-block-separator has-alpha-channel-opacity\"\/>\n\n\n\n<h5 class=\"wp-block-heading has-text-align-center\">Aqui encontras:<br>\u2714 Apoio estrat\u00e9gico como AV premium<br>\u2714 Mentoria 1:1 para futuras AVs fora da caixa<br>\u2714 Consultoria de processos para pequenos neg\u00f3cios conscientes<\/h5>\n\n\n\n<hr class=\"wp-block-separator has-alpha-channel-opacity\"\/>\n","protected":false},"excerpt":{"rendered":"<p>Se est\u00e1s a construir um neg\u00f3cio com alma, sabes que s\u00f3 a inspira\u00e7\u00e3o n\u00e3o basta. Tamb\u00e9m \u00e9 preciso estrutura mas que respeita o teu ritmo, a tua energia e a tua forma de criar. Aqui encontras:\u2714 Apoio estrat\u00e9gico como AV premium\u2714 Mentoria 1:1 para futuras AVs fora da caixa\u2714 Consultoria de processos para pequenos neg\u00f3cios&hellip;&nbsp;<\/p>\n","protected":false},"author":1,"featured_media":0,"parent":0,"menu_order":0,"comment_status":"closed","ping_status":"closed","template":"","meta":{"om_disable_all_campaigns":false,"_monsterinsights_skip_tracking":false,"_monsterinsights_sitenote_active":false,"_monsterinsights_sitenote_note":"","_monsterinsights_sitenote_category":0,"_uf_show_specific_survey":0,"_uf_disable_surveys":false,"neve_meta_sidebar":"","neve_meta_container":"","neve_meta_enable_content_width":"","neve_meta_content_width":0,"neve_meta_title_alignment":"","neve_meta_author_avatar":"","neve_post_elements_order":"","neve_meta_disable_header":"","neve_meta_disable_footer":"","neve_meta_disable_title":"","footnotes":""},"class_list":["post-109","page","type-page","status-publish","hentry"],"aioseo_notices":[],"_links":{"self":[{"href":"https:\/\/anaveiga.pt\/index.php?rest_route=\/wp\/v2\/pages\/109","targetHints":{"allow":["GET"]}}],"collection":[{"href":"https:\/\/anaveiga.pt\/index.php?rest_route=\/wp\/v2\/pages"}],"about":[{"href":"https:\/\/anaveiga.pt\/index.php?rest_route=\/wp\/v2\/types\/page"}],"author":[{"embeddable":true,"href":"https:\/\/anaveiga.pt\/index.php?rest_route=\/wp\/v2\/users\/1"}],"replies":[{"embeddable":true,"href":"https:\/\/anaveiga.pt\/index.php?rest_route=%2Fwp%2Fv2%2Fcomments&post=109"}],"version-history":[{"count":24,"href":"https:\/\/anaveiga.pt\/index.php?rest_route=\/wp\/v2\/pages\/109\/revisions"}],"predecessor-version":[{"id":476,"href":"https:\/\/anaveiga.pt\/index.php?rest_route=\/wp\/v2\/pages\/109\/revisions\/476"}],"wp:attachment":[{"href":"https:\/\/anaveiga.pt\/index.php?rest_route=%2Fwp%2Fv2%2Fmedia&parent=109"}],"curies":[{"name":"wp","href":"https:\/\/api.w.org\/{rel}","templated":true}]}}